{"id":128,"date":"2020-08-29T17:27:49","date_gmt":"2020-08-29T15:27:49","guid":{"rendered":"http:\/\/redon-rey.com.optimal-it.fr\/?page_id=128"},"modified":"2025-06-01T18:22:07","modified_gmt":"2025-06-01T16:22:07","slug":"copropriete","status":"publish","type":"page","link":"https:\/\/redon-rey.com\/index.php\/copropriete\/","title":{"rendered":"Copropri\u00e9t\u00e9"},"content":{"rendered":"\n<p><br>Le cabinet de Ma\u00eetre REDON-REY intervient aupr\u00e8s des syndics de copropri\u00e9t\u00e9 et copropritaires notamment en :<\/p>\n\n\n\n<ul><li>Recouvrement des charges,<\/li><li>Contestation des charges,<\/li><li>Contestation des assembl\u00e9es g\u00e9n\u00e9rales,<\/li><li>D\u00e9sordres,<\/li><li>Annexion ou atteinte aux parties communes,<\/li><li>Droit de jouissance privatif d\u2019une partie commune,<\/li><li>Inscriptions d\u2019hypoth\u00e8que l\u00e9gales,<\/li><li>D\u00e9signation d\u2019un mandataire ad hoc, d\u2019un administrateur provisoire, d\u2019un mandataire commun<\/li><\/ul>\n","protected":false},"excerpt":{"rendered":"<p>Le cabinet de Ma\u00eetre REDON-REY intervient aupr\u00e8s des syndics de copropri\u00e9t\u00e9 et copropritaires notamment en : Recouvrement des charges, Contestation des charges, Contestation des assembl\u00e9es g\u00e9n\u00e9rales, D\u00e9sordres, Annexion ou atteinte aux parties communes, Droit de jouissance privatif d\u2019une partie commune, Inscriptions d\u2019hypoth\u00e8que l\u00e9gales, D\u00e9signation d\u2019un mandataire ad hoc, d\u2019un administrateur provisoire, d\u2019un mandataire commun<\/p>\n","protected":false},"author":1,"featured_media":59,"parent":0,"menu_order":0,"comment_status":"closed","ping_status":"closed","template":"","meta":[],"yoast_head":"<!-- This site is optimized with the Yoast SEO plugin v15.8 - https:\/\/yoast.com\/wordpress\/plugins\/seo\/ -->\n<title>Copropri\u00e9t\u00e9 - www.redon-rey.com<\/title>\n<meta name=\"robots\" content=\"index, follow, max-snippet:-1, max-image-preview:large, max-video-preview:-1\" \/>\n<link rel=\"canonical\" href=\"https:\/\/redon-rey.com\/index.php\/copropriete\/\" \/>\n<meta property=\"og:locale\" content=\"fr_FR\" \/>\n<meta property=\"og:type\" content=\"article\" \/>\n<meta property=\"og:title\" content=\"Copropri\u00e9t\u00e9 - www.redon-rey.com\" \/>\n<meta property=\"og:description\" content=\"Le cabinet de Ma\u00eetre REDON-REY intervient aupr\u00e8s des syndics de copropri\u00e9t\u00e9 et copropritaires notamment en : Recouvrement des charges, Contestation des charges, Contestation des assembl\u00e9es g\u00e9n\u00e9rales, D\u00e9sordres, Annexion ou atteinte aux parties communes, Droit de jouissance privatif d\u2019une partie commune, Inscriptions d\u2019hypoth\u00e8que l\u00e9gales, D\u00e9signation d\u2019un mandataire ad hoc, d\u2019un administrateur provisoire, d\u2019un mandataire commun\" \/>\n<meta property=\"og:url\" content=\"https:\/\/redon-rey.com\/index.php\/copropriete\/\" \/>\n<meta property=\"og:site_name\" content=\"www.redon-rey.com\" \/>\n<meta property=\"article:modified_time\" content=\"2025-06-01T16:22:07+00:00\" \/>\n<meta property=\"og:image\" content=\"https:\/\/redon-rey.com\/wp-content\/uploads\/2020\/08\/contrat-syndic.jpg\" \/>\n\t<meta property=\"og:image:width\" content=\"471\" \/>\n\t<meta property=\"og:image:height\" content=\"304\" \/>\n<meta name=\"twitter:card\" content=\"summary_large_image\" \/>\n<meta name=\"twitter:label1\" content=\"Dur\u00e9e de lecture est.\">\n\t<meta name=\"twitter:data1\" content=\"1 minute\">\n<script type=\"application\/ld+json\" class=\"yoast-schema-graph\">{\"@context\":\"https:\/\/schema.org\",\"@graph\":[{\"@type\":\"WebSite\",\"@id\":\"https:\/\/redon-rey.com\/#website\",\"url\":\"https:\/\/redon-rey.com\/\",\"name\":\"Cabinet d'avocat Redon-Rey\",\"description\":\"Cabinet Redon-Rey &amp; Lakehal\",\"potentialAction\":[{\"@type\":\"SearchAction\",\"target\":\"https:\/\/redon-rey.com\/?s={search_term_string}\",\"query-input\":\"required name=search_term_string\"}],\"inLanguage\":\"fr-FR\"},{\"@type\":\"ImageObject\",\"@id\":\"https:\/\/redon-rey.com\/index.php\/copropriete\/#primaryimage\",\"inLanguage\":\"fr-FR\",\"url\":\"https:\/\/redon-rey.com\/wp-content\/uploads\/2020\/08\/contrat-syndic.jpg\",\"width\":471,\"height\":304,\"caption\":\"Copropri\\u00e9t\\u00e9\"},{\"@type\":\"WebPage\",\"@id\":\"https:\/\/redon-rey.com\/index.php\/copropriete\/#webpage\",\"url\":\"https:\/\/redon-rey.com\/index.php\/copropriete\/\",\"name\":\"Copropri\\u00e9t\\u00e9 - www.redon-rey.com\",\"isPartOf\":{\"@id\":\"https:\/\/redon-rey.com\/#website\"},\"primaryImageOfPage\":{\"@id\":\"https:\/\/redon-rey.com\/index.php\/copropriete\/#primaryimage\"},\"datePublished\":\"2020-08-29T15:27:49+00:00\",\"dateModified\":\"2025-06-01T16:22:07+00:00\",\"breadcrumb\":{\"@id\":\"https:\/\/redon-rey.com\/index.php\/copropriete\/#breadcrumb\"},\"inLanguage\":\"fr-FR\",\"potentialAction\":[{\"@type\":\"ReadAction\",\"target\":[\"https:\/\/redon-rey.com\/index.php\/copropriete\/\"]}]},{\"@type\":\"BreadcrumbList\",\"@id\":\"https:\/\/redon-rey.com\/index.php\/copropriete\/#breadcrumb\",\"itemListElement\":[{\"@type\":\"ListItem\",\"position\":1,\"item\":{\"@type\":\"WebPage\",\"@id\":\"https:\/\/redon-rey.com\/\",\"url\":\"https:\/\/redon-rey.com\/\",\"name\":\"Accueil\"}},{\"@type\":\"ListItem\",\"position\":2,\"item\":{\"@type\":\"WebPage\",\"@id\":\"https:\/\/redon-rey.com\/index.php\/copropriete\/\",\"url\":\"https:\/\/redon-rey.com\/index.php\/copropriete\/\",\"name\":\"Copropri\\u00e9t\\u00e9\"}}]}]}<\/script>\n<!-- \/ Yoast SEO plugin. -->","_links":{"self":[{"href":"https:\/\/redon-rey.com\/index.php\/wp-json\/wp\/v2\/pages\/128"}],"collection":[{"href":"https:\/\/redon-rey.com\/index.php\/wp-json\/wp\/v2\/pages"}],"about":[{"href":"https:\/\/redon-rey.com\/index.php\/wp-json\/wp\/v2\/types\/page"}],"author":[{"embeddable":true,"href":"https:\/\/redon-rey.com\/index.php\/wp-json\/wp\/v2\/users\/1"}],"replies":[{"embeddable":true,"href":"https:\/\/redon-rey.com\/index.php\/wp-json\/wp\/v2\/comments?post=128"}],"version-history":[{"count":9,"href":"https:\/\/redon-rey.com\/index.php\/wp-json\/wp\/v2\/pages\/128\/revisions"}],"predecessor-version":[{"id":379,"href":"https:\/\/redon-rey.com\/index.php\/wp-json\/wp\/v2\/pages\/128\/revisions\/379"}],"wp:featuredmedia":[{"embeddable":true,"href":"https:\/\/redon-rey.com\/index.php\/wp-json\/wp\/v2\/media\/59"}],"wp:attachment":[{"href":"https:\/\/redon-rey.com\/index.php\/wp-json\/wp\/v2\/media?parent=128"}],"curies":[{"name":"wp","href":"https:\/\/api.w.org\/{rel}","templated":true}]}}