{"id":137,"date":"2020-08-29T17:53:39","date_gmt":"2020-08-29T15:53:39","guid":{"rendered":"http:\/\/redon-rey.com.optimal-it.fr\/?page_id=137"},"modified":"2025-06-01T18:20:11","modified_gmt":"2025-06-01T16:20:11","slug":"construction","status":"publish","type":"page","link":"https:\/\/redon-rey.com\/index.php\/construction\/","title":{"rendered":"Construction"},"content":{"rendered":"\n<p><br>Le Cabinet conseille et assiste les propri\u00e9taires, copropri\u00e9taires, consommateurs et professionnels de la construction dans le cadre d\u2019expertises judiciaires et des contentieux relatifs \u00e0 la mise en jeu des garanties des constructeurs\u00a0et des responsabilit\u00e9s des diff\u00e9rents intervenants \u00e0 l\u2019acte de construire.<\/p>\n","protected":false},"excerpt":{"rendered":"<p>Le Cabinet conseille et assiste les propri\u00e9taires, copropri\u00e9taires, consommateurs et professionnels de la construction dans le cadre d\u2019expertises judiciaires et des contentieux relatifs \u00e0 la mise en jeu des garanties des constructeurs\u00a0et des responsabilit\u00e9s des diff\u00e9rents intervenants \u00e0 l\u2019acte de construire.<\/p>\n","protected":false},"author":1,"featured_media":71,"parent":0,"menu_order":0,"comment_status":"closed","ping_status":"closed","template":"","meta":[],"yoast_head":"<!-- This site is optimized with the Yoast SEO plugin v15.8 - https:\/\/yoast.com\/wordpress\/plugins\/seo\/ -->\n<title>Construction - www.redon-rey.com<\/title>\n<meta name=\"robots\" content=\"index, follow, max-snippet:-1, max-image-preview:large, max-video-preview:-1\" \/>\n<link rel=\"canonical\" href=\"https:\/\/redon-rey.com\/index.php\/construction\/\" \/>\n<meta property=\"og:locale\" content=\"fr_FR\" \/>\n<meta property=\"og:type\" content=\"article\" \/>\n<meta property=\"og:title\" content=\"Construction - www.redon-rey.com\" \/>\n<meta property=\"og:description\" content=\"Le Cabinet conseille et assiste les propri\u00e9taires, copropri\u00e9taires, consommateurs et professionnels de la construction dans le cadre d\u2019expertises judiciaires et des contentieux relatifs \u00e0 la mise en jeu des garanties des constructeurs\u00a0et des responsabilit\u00e9s des diff\u00e9rents intervenants \u00e0 l\u2019acte de construire.\" \/>\n<meta property=\"og:url\" content=\"https:\/\/redon-rey.com\/index.php\/construction\/\" \/>\n<meta property=\"og:site_name\" content=\"www.redon-rey.com\" \/>\n<meta property=\"article:modified_time\" content=\"2025-06-01T16:20:11+00:00\" \/>\n<meta property=\"og:image\" content=\"https:\/\/redon-rey.com\/wp-content\/uploads\/2020\/08\/Construction.jpg\" \/>\n\t<meta property=\"og:image:width\" content=\"471\" \/>\n\t<meta property=\"og:image:height\" content=\"304\" \/>\n<meta name=\"twitter:card\" content=\"summary_large_image\" \/>\n<meta name=\"twitter:label1\" content=\"Dur\u00e9e de lecture est.\">\n\t<meta name=\"twitter:data1\" content=\"1 minute\">\n<script type=\"application\/ld+json\" class=\"yoast-schema-graph\">{\"@context\":\"https:\/\/schema.org\",\"@graph\":[{\"@type\":\"WebSite\",\"@id\":\"https:\/\/redon-rey.com\/#website\",\"url\":\"https:\/\/redon-rey.com\/\",\"name\":\"Cabinet d'avocat Redon-Rey\",\"description\":\"Cabinet Redon-Rey &amp; Lakehal\",\"potentialAction\":[{\"@type\":\"SearchAction\",\"target\":\"https:\/\/redon-rey.com\/?s={search_term_string}\",\"query-input\":\"required name=search_term_string\"}],\"inLanguage\":\"fr-FR\"},{\"@type\":\"ImageObject\",\"@id\":\"https:\/\/redon-rey.com\/index.php\/construction\/#primaryimage\",\"inLanguage\":\"fr-FR\",\"url\":\"https:\/\/redon-rey.com\/wp-content\/uploads\/2020\/08\/Construction.jpg\",\"width\":471,\"height\":304,\"caption\":\"construction\"},{\"@type\":\"WebPage\",\"@id\":\"https:\/\/redon-rey.com\/index.php\/construction\/#webpage\",\"url\":\"https:\/\/redon-rey.com\/index.php\/construction\/\",\"name\":\"Construction - www.redon-rey.com\",\"isPartOf\":{\"@id\":\"https:\/\/redon-rey.com\/#website\"},\"primaryImageOfPage\":{\"@id\":\"https:\/\/redon-rey.com\/index.php\/construction\/#primaryimage\"},\"datePublished\":\"2020-08-29T15:53:39+00:00\",\"dateModified\":\"2025-06-01T16:20:11+00:00\",\"breadcrumb\":{\"@id\":\"https:\/\/redon-rey.com\/index.php\/construction\/#breadcrumb\"},\"inLanguage\":\"fr-FR\",\"potentialAction\":[{\"@type\":\"ReadAction\",\"target\":[\"https:\/\/redon-rey.com\/index.php\/construction\/\"]}]},{\"@type\":\"BreadcrumbList\",\"@id\":\"https:\/\/redon-rey.com\/index.php\/construction\/#breadcrumb\",\"itemListElement\":[{\"@type\":\"ListItem\",\"position\":1,\"item\":{\"@type\":\"WebPage\",\"@id\":\"https:\/\/redon-rey.com\/\",\"url\":\"https:\/\/redon-rey.com\/\",\"name\":\"Accueil\"}},{\"@type\":\"ListItem\",\"position\":2,\"item\":{\"@type\":\"WebPage\",\"@id\":\"https:\/\/redon-rey.com\/index.php\/construction\/\",\"url\":\"https:\/\/redon-rey.com\/index.php\/construction\/\",\"name\":\"Construction\"}}]}]}<\/script>\n<!-- \/ Yoast SEO plugin. -->","_links":{"self":[{"href":"https:\/\/redon-rey.com\/index.php\/wp-json\/wp\/v2\/pages\/137"}],"collection":[{"href":"https:\/\/redon-rey.com\/index.php\/wp-json\/wp\/v2\/pages"}],"about":[{"href":"https:\/\/redon-rey.com\/index.php\/wp-json\/wp\/v2\/types\/page"}],"author":[{"embeddable":true,"href":"https:\/\/redon-rey.com\/index.php\/wp-json\/wp\/v2\/users\/1"}],"replies":[{"embeddable":true,"href":"https:\/\/redon-rey.com\/index.php\/wp-json\/wp\/v2\/comments?post=137"}],"version-history":[{"count":9,"href":"https:\/\/redon-rey.com\/index.php\/wp-json\/wp\/v2\/pages\/137\/revisions"}],"predecessor-version":[{"id":377,"href":"https:\/\/redon-rey.com\/index.php\/wp-json\/wp\/v2\/pages\/137\/revisions\/377"}],"wp:featuredmedia":[{"embeddable":true,"href":"https:\/\/redon-rey.com\/index.php\/wp-json\/wp\/v2\/media\/71"}],"wp:attachment":[{"href":"https:\/\/redon-rey.com\/index.php\/wp-json\/wp\/v2\/media?parent=137"}],"curies":[{"name":"wp","href":"https:\/\/api.w.org\/{rel}","templated":true}]}}