{"id":199,"date":"2020-08-29T19:06:13","date_gmt":"2020-08-29T17:06:13","guid":{"rendered":"http:\/\/redon-rey.com.optimal-it.fr\/?page_id=199"},"modified":"2025-06-01T18:00:03","modified_gmt":"2025-06-01T16:00:03","slug":"honoraires","status":"publish","type":"page","link":"https:\/\/redon-rey.com\/index.php\/honoraires\/","title":{"rendered":"Honoraires"},"content":{"rendered":"\n<p>Le cabinet se veut transparent en mati\u00e8re d\u2019honoraires.<br>Une convention d\u2019honoraires sera sign\u00e9e entre les parties.<br><br>Les honoraires d\u2019avocat sont librement fix\u00e9s dans le respect des dispositions de la loi du 31 d\u00e9cembre 1991 n\u00b0 1130 et du d\u00e9cret du 27 novembre 1991 n\u00b0 11971 et du d\u00e9cret du 12 juillet 2005 n\u00b0 790.<\/p>\n\n\n\n<p>Les diff\u00e9rentes formes du calcul des honoraires :<br><br><strong>Honoraire au temps pass\u00e9 :<\/strong><br>L&rsquo; avocat pr\u00e9cise \u00e0 ses clients le taux horaire qu&rsquo;ils proposent d&rsquo;appliquer s&rsquo;ils choisissent la m\u00e9thode du temps pass\u00e9. Il indique \u00e0 ses clients le temps susceptible d&rsquo;\u00eatre consacr\u00e9 \u00e0 l&rsquo;\u00e9tude et au traitement du dossier. Ce taux peut varier au sein d&rsquo;un m\u00eame cabinet en fonction des affaires trait\u00e9es. Il peut \u00eatre convenu d&rsquo;un taux horaire sup\u00e9rieur dans des affaires qui le justifient.<br><br><strong>Honoraire au forfait :<\/strong><br>L&rsquo;avocat et son client conviennent d&rsquo;un honoraire fixe et d\u00e9finitif. Les diligences couvertes par cet honoraires doivent \u00eatre pr\u00e9cis\u00e9ment indiqu\u00e9es.<br><br><strong>Honoraire de r\u00e9sultat :<\/strong><br>L&rsquo;avocat peut convenir avec son client de la fixation d&rsquo;un honoraire compl\u00e9mentaire de r\u00e9sultat lequel doit \u00eatre express\u00e9ment stipul\u00e9 dans une convention pr\u00e9alablement conclue entre l&rsquo;avocat et son client mais ladite convention doit \u00e9galement pr\u00e9voir un honoraire principal de diligences.<\/p>\n\n\n\n<p>Le cabinet accepte les dossiers au b\u00e9n\u00e9fice de l\u2019aide juridictionnelle, totale ou partielle, sous r\u00e9serve que le dossier de demande soit complet.<br>Le cabinet intervient \u00e9galement au b\u00e9n\u00e9fice des contrats de protection juridique. Suivant les bar\u00e8mes d\u2019indemnisation, un compl\u00e9ment d\u2019honoraires peut \u00eatre sollicit\u00e9.<br>Le cabinet accepte le paiement par ch\u00e8que, virement ou carte bleue.<\/p>\n","protected":false},"excerpt":{"rendered":"<p>Le cabinet se veut transparent en mati\u00e8re d\u2019honoraires.Une convention d\u2019honoraires sera sign\u00e9e entre les parties. Les honoraires d\u2019avocat sont librement fix\u00e9s dans le respect des dispositions de la loi du 31 d\u00e9cembre 1991 n\u00b0 1130 et du d\u00e9cret du 27 novembre 1991 n\u00b0 11971 et du d\u00e9cret du 12 juillet 2005 n\u00b0 790. Les diff\u00e9rentes &hellip; <a href=\"https:\/\/redon-rey.com\/index.php\/honoraires\/\" class=\"more-link\">Lire la suite<span class=\"screen-reader-text\"> \u00ab\u00a0Honoraires\u00a0\u00bb<\/span><\/a><\/p>\n","protected":false},"author":1,"featured_media":0,"parent":0,"menu_order":0,"comment_status":"closed","ping_status":"closed","template":"","meta":[],"yoast_head":"<!-- This site is optimized with the Yoast SEO plugin v15.8 - https:\/\/yoast.com\/wordpress\/plugins\/seo\/ -->\n<title>Honoraires - www.redon-rey.com<\/title>\n<meta name=\"robots\" content=\"index, follow, max-snippet:-1, max-image-preview:large, max-video-preview:-1\" \/>\n<link rel=\"canonical\" href=\"https:\/\/redon-rey.com\/index.php\/honoraires\/\" \/>\n<meta property=\"og:locale\" content=\"fr_FR\" \/>\n<meta property=\"og:type\" content=\"article\" \/>\n<meta property=\"og:title\" content=\"Honoraires - www.redon-rey.com\" \/>\n<meta property=\"og:description\" content=\"Le cabinet se veut transparent en mati\u00e8re d\u2019honoraires.Une convention d\u2019honoraires sera sign\u00e9e entre les parties. Les honoraires d\u2019avocat sont librement fix\u00e9s dans le respect des dispositions de la loi du 31 d\u00e9cembre 1991 n\u00b0 1130 et du d\u00e9cret du 27 novembre 1991 n\u00b0 11971 et du d\u00e9cret du 12 juillet 2005 n\u00b0 790. Les diff\u00e9rentes &hellip; Lire la suite &quot;Honoraires&quot;\" \/>\n<meta property=\"og:url\" content=\"https:\/\/redon-rey.com\/index.php\/honoraires\/\" \/>\n<meta property=\"og:site_name\" content=\"www.redon-rey.com\" \/>\n<meta property=\"article:modified_time\" content=\"2025-06-01T16:00:03+00:00\" \/>\n<meta name=\"twitter:card\" content=\"summary_large_image\" \/>\n<meta name=\"twitter:label1\" content=\"Dur\u00e9e de lecture est.\">\n\t<meta name=\"twitter:data1\" content=\"2 minutes\">\n<script type=\"application\/ld+json\" class=\"yoast-schema-graph\">{\"@context\":\"https:\/\/schema.org\",\"@graph\":[{\"@type\":\"WebSite\",\"@id\":\"https:\/\/redon-rey.com\/#website\",\"url\":\"https:\/\/redon-rey.com\/\",\"name\":\"Cabinet d'avocat Redon-Rey\",\"description\":\"Cabinet Redon-Rey &amp; Lakehal\",\"potentialAction\":[{\"@type\":\"SearchAction\",\"target\":\"https:\/\/redon-rey.com\/?s={search_term_string}\",\"query-input\":\"required name=search_term_string\"}],\"inLanguage\":\"fr-FR\"},{\"@type\":\"WebPage\",\"@id\":\"https:\/\/redon-rey.com\/index.php\/honoraires\/#webpage\",\"url\":\"https:\/\/redon-rey.com\/index.php\/honoraires\/\",\"name\":\"Honoraires - www.redon-rey.com\",\"isPartOf\":{\"@id\":\"https:\/\/redon-rey.com\/#website\"},\"datePublished\":\"2020-08-29T17:06:13+00:00\",\"dateModified\":\"2025-06-01T16:00:03+00:00\",\"breadcrumb\":{\"@id\":\"https:\/\/redon-rey.com\/index.php\/honoraires\/#breadcrumb\"},\"inLanguage\":\"fr-FR\",\"potentialAction\":[{\"@type\":\"ReadAction\",\"target\":[\"https:\/\/redon-rey.com\/index.php\/honoraires\/\"]}]},{\"@type\":\"BreadcrumbList\",\"@id\":\"https:\/\/redon-rey.com\/index.php\/honoraires\/#breadcrumb\",\"itemListElement\":[{\"@type\":\"ListItem\",\"position\":1,\"item\":{\"@type\":\"WebPage\",\"@id\":\"https:\/\/redon-rey.com\/\",\"url\":\"https:\/\/redon-rey.com\/\",\"name\":\"Accueil\"}},{\"@type\":\"ListItem\",\"position\":2,\"item\":{\"@type\":\"WebPage\",\"@id\":\"https:\/\/redon-rey.com\/index.php\/honoraires\/\",\"url\":\"https:\/\/redon-rey.com\/index.php\/honoraires\/\",\"name\":\"Honoraires\"}}]}]}<\/script>\n<!-- \/ Yoast SEO plugin. -->","_links":{"self":[{"href":"https:\/\/redon-rey.com\/index.php\/wp-json\/wp\/v2\/pages\/199"}],"collection":[{"href":"https:\/\/redon-rey.com\/index.php\/wp-json\/wp\/v2\/pages"}],"about":[{"href":"https:\/\/redon-rey.com\/index.php\/wp-json\/wp\/v2\/types\/page"}],"author":[{"embeddable":true,"href":"https:\/\/redon-rey.com\/index.php\/wp-json\/wp\/v2\/users\/1"}],"replies":[{"embeddable":true,"href":"https:\/\/redon-rey.com\/index.php\/wp-json\/wp\/v2\/comments?post=199"}],"version-history":[{"count":10,"href":"https:\/\/redon-rey.com\/index.php\/wp-json\/wp\/v2\/pages\/199\/revisions"}],"predecessor-version":[{"id":364,"href":"https:\/\/redon-rey.com\/index.php\/wp-json\/wp\/v2\/pages\/199\/revisions\/364"}],"wp:attachment":[{"href":"https:\/\/redon-rey.com\/index.php\/wp-json\/wp\/v2\/media?parent=199"}],"curies":[{"name":"wp","href":"https:\/\/api.w.org\/{rel}","templated":true}]}}