{"id":207,"date":"2020-08-29T19:10:01","date_gmt":"2020-08-29T17:10:01","guid":{"rendered":"http:\/\/redon-rey.com.optimal-it.fr\/?page_id=207"},"modified":"2020-08-29T19:12:48","modified_gmt":"2020-08-29T17:12:48","slug":"nous-contacter","status":"publish","type":"page","link":"https:\/\/redon-rey.com\/index.php\/nous-contacter\/","title":{"rendered":"Nous contacter"},"content":{"rendered":"\n<p>Nous recevons uniquement sur rendez-vous.<br><br>Vous pouvez nous contacter par t\u00e9l\u00e9phone au 05 61 14 00 20 :<br>du lundi au vendredi de 9h \u00e0 12h30 et de 13h30 \u00e0 17h<br><br>Pour acc\u00e9der au cabinet<br>TRAM : Palais de Justice ou Ile du Ramier<br>METRO Ligne B : Palais de Justice ou Carmes<br><br>Parking : Paul Feuga ou Carmes<\/p>\n","protected":false},"excerpt":{"rendered":"<p>Nous recevons uniquement sur rendez-vous. Vous pouvez nous contacter par t\u00e9l\u00e9phone au 05 61 14 00 20 :du lundi au vendredi de 9h \u00e0 12h30 et de 13h30 \u00e0 17h Pour acc\u00e9der au cabinetTRAM : Palais de Justice ou Ile du RamierMETRO Ligne B : Palais de Justice ou Carmes Parking : Paul Feuga ou &hellip; <a href=\"https:\/\/redon-rey.com\/index.php\/nous-contacter\/\" class=\"more-link\">Lire la suite<span class=\"screen-reader-text\"> \u00ab\u00a0Nous contacter\u00a0\u00bb<\/span><\/a><\/p>\n","protected":false},"author":1,"featured_media":0,"parent":0,"menu_order":0,"comment_status":"closed","ping_status":"closed","template":"","meta":[],"yoast_head":"<!-- This site is optimized with the Yoast SEO plugin v15.8 - https:\/\/yoast.com\/wordpress\/plugins\/seo\/ -->\n<title>Nous contacter - www.redon-rey.com<\/title>\n<meta name=\"robots\" content=\"index, follow, max-snippet:-1, max-image-preview:large, max-video-preview:-1\" \/>\n<link rel=\"canonical\" href=\"https:\/\/redon-rey.com\/index.php\/nous-contacter\/\" \/>\n<meta property=\"og:locale\" content=\"fr_FR\" \/>\n<meta property=\"og:type\" content=\"article\" \/>\n<meta property=\"og:title\" content=\"Nous contacter - www.redon-rey.com\" \/>\n<meta property=\"og:description\" content=\"Nous recevons uniquement sur rendez-vous. Vous pouvez nous contacter par t\u00e9l\u00e9phone au 05 61 14 00 20 :du lundi au vendredi de 9h \u00e0 12h30 et de 13h30 \u00e0 17h Pour acc\u00e9der au cabinetTRAM : Palais de Justice ou Ile du RamierMETRO Ligne B : Palais de Justice ou Carmes Parking : Paul Feuga ou &hellip; Lire la suite &quot;Nous contacter&quot;\" \/>\n<meta property=\"og:url\" content=\"https:\/\/redon-rey.com\/index.php\/nous-contacter\/\" \/>\n<meta property=\"og:site_name\" content=\"www.redon-rey.com\" \/>\n<meta property=\"article:modified_time\" content=\"2020-08-29T17:12:48+00:00\" \/>\n<meta name=\"twitter:card\" content=\"summary_large_image\" \/>\n<script type=\"application\/ld+json\" class=\"yoast-schema-graph\">{\"@context\":\"https:\/\/schema.org\",\"@graph\":[{\"@type\":\"WebSite\",\"@id\":\"https:\/\/redon-rey.com\/#website\",\"url\":\"https:\/\/redon-rey.com\/\",\"name\":\"Cabinet d'avocat Redon-Rey\",\"description\":\"Cabinet Redon-Rey &amp; Lakehal\",\"potentialAction\":[{\"@type\":\"SearchAction\",\"target\":\"https:\/\/redon-rey.com\/?s={search_term_string}\",\"query-input\":\"required name=search_term_string\"}],\"inLanguage\":\"fr-FR\"},{\"@type\":\"WebPage\",\"@id\":\"https:\/\/redon-rey.com\/index.php\/nous-contacter\/#webpage\",\"url\":\"https:\/\/redon-rey.com\/index.php\/nous-contacter\/\",\"name\":\"Nous contacter - www.redon-rey.com\",\"isPartOf\":{\"@id\":\"https:\/\/redon-rey.com\/#website\"},\"datePublished\":\"2020-08-29T17:10:01+00:00\",\"dateModified\":\"2020-08-29T17:12:48+00:00\",\"breadcrumb\":{\"@id\":\"https:\/\/redon-rey.com\/index.php\/nous-contacter\/#breadcrumb\"},\"inLanguage\":\"fr-FR\",\"potentialAction\":[{\"@type\":\"ReadAction\",\"target\":[\"https:\/\/redon-rey.com\/index.php\/nous-contacter\/\"]}]},{\"@type\":\"BreadcrumbList\",\"@id\":\"https:\/\/redon-rey.com\/index.php\/nous-contacter\/#breadcrumb\",\"itemListElement\":[{\"@type\":\"ListItem\",\"position\":1,\"item\":{\"@type\":\"WebPage\",\"@id\":\"https:\/\/redon-rey.com\/\",\"url\":\"https:\/\/redon-rey.com\/\",\"name\":\"Accueil\"}},{\"@type\":\"ListItem\",\"position\":2,\"item\":{\"@type\":\"WebPage\",\"@id\":\"https:\/\/redon-rey.com\/index.php\/nous-contacter\/\",\"url\":\"https:\/\/redon-rey.com\/index.php\/nous-contacter\/\",\"name\":\"Nous contacter\"}}]}]}<\/script>\n<!-- \/ Yoast SEO plugin. -->","_links":{"self":[{"href":"https:\/\/redon-rey.com\/index.php\/wp-json\/wp\/v2\/pages\/207"}],"collection":[{"href":"https:\/\/redon-rey.com\/index.php\/wp-json\/wp\/v2\/pages"}],"about":[{"href":"https:\/\/redon-rey.com\/index.php\/wp-json\/wp\/v2\/types\/page"}],"author":[{"embeddable":true,"href":"https:\/\/redon-rey.com\/index.php\/wp-json\/wp\/v2\/users\/1"}],"replies":[{"embeddable":true,"href":"https:\/\/redon-rey.com\/index.php\/wp-json\/wp\/v2\/comments?post=207"}],"version-history":[{"count":3,"href":"https:\/\/redon-rey.com\/index.php\/wp-json\/wp\/v2\/pages\/207\/revisions"}],"predecessor-version":[{"id":211,"href":"https:\/\/redon-rey.com\/index.php\/wp-json\/wp\/v2\/pages\/207\/revisions\/211"}],"wp:attachment":[{"href":"https:\/\/redon-rey.com\/index.php\/wp-json\/wp\/v2\/media?parent=207"}],"curies":[{"name":"wp","href":"https:\/\/api.w.org\/{rel}","templated":true}]}}