{"id":22,"date":"2020-08-27T17:13:35","date_gmt":"2020-08-27T15:13:35","guid":{"rendered":"http:\/\/redon-rey.com.optimal-it.fr\/?page_id=22"},"modified":"2025-09-14T19:58:03","modified_gmt":"2025-09-14T17:58:03","slug":"accueil","status":"publish","type":"page","link":"https:\/\/redon-rey.com\/","title":{"rendered":"Cabinet REDON-REY LAKEHAL AVOCATS"},"content":{"rendered":"\n<h3>Avocats \u00e0 la Cour<\/h3>\n\n\n\n<h3>Mandataires en transactions immobili\u00e8res<\/h3>\n\n\n\n<h3>Consultants Association des propri\u00e9taires et copropri\u00e9taires de la Haute-Garonne et de l&rsquo;Ari\u00e8ge<\/h3>\n\n\n\n<p>ACTIVITES DOMINANTES : DROIT IMMOBILIER \u2013 DROIT DES CONTRATS \u2013 DROIT DE LA FAMILLE<\/p>\n\n\n\n<div class=\"wp-block-media-text alignwide is-stacked-on-mobile\" style=\"grid-template-columns:52% auto\"><figure class=\"wp-block-media-text__media\"><img loading=\"lazy\" width=\"907\" height=\"680\" src=\"http:\/\/redon-rey.com.optimal-it.fr\/wp-content\/uploads\/2020\/08\/bureau.jpg\" alt=\"\" class=\"wp-image-24 size-full\" srcset=\"https:\/\/redon-rey.com\/wp-content\/uploads\/2020\/08\/bureau.jpg 907w, https:\/\/redon-rey.com\/wp-content\/uploads\/2020\/08\/bureau-300x225.jpg 300w, https:\/\/redon-rey.com\/wp-content\/uploads\/2020\/08\/bureau-768x576.jpg 768w\" sizes=\"(max-width: 907px) 100vw, 907px\" \/><\/figure><div class=\"wp-block-media-text__content\">\n<p>Investir dans la pierre reste l\u2019investissement le plus durable et la valeur la plus s\u00fbre. Ce projet n\u2019est pas toujours simple et peut n\u00e9cessiter un accompagnement, notamment lors : <br>&#8211; d\u2019une acquisition ou d\u2019une vente d\u2019un bien.<br>&#8211; d\u2019une mise en location.<br>&#8211; de la construction d\u2019un bien.<br>&#8211; d\u2019une s\u00e9paration, d\u2019un divorce ou d\u2019une succession.<br><\/p>\n\n\n\n<p>Depuis plus de 25 ans, le cabinet REDON-REY LAKEHAL se consacre ainsi au droit immobilier et au droit de la famille, une double activit\u00e9 dominante et conseille les professionnels et particuliers \u00e0 toutes les \u00e9tapes de la constitution de leur patrimoine immobilier et familial.<\/p>\n\n\n\n<p>A taille humaine, le cabinet REDON-REY LAKEHAL privil\u00e9gie l\u2019\u00e9coute et la r\u00e9activit\u00e9.<\/p>\n\n\n\n<p>Egalement, afin d\u2019\u00e9viter de f\u00e2cheuses surprises, le cabinet vous propose des honoraires convenus d\u00e8s le premier rendez-vous.<\/p>\n\n\n\n<p><\/p>\n<\/div><\/div>\n\n\n\n<div class=\"wp-block-columns\">\n<div class=\"wp-block-column\"><\/div>\n<\/div>\n\n\n\n<p><\/p>\n\n\n\n<p><\/p>\n\n\n\n<p><\/p>\n\n\n\n<h3 class=\"has-text-align-center\">Nos comp\u00e9tences<\/h3>\n\n\n\n<figure class=\"wp-block-gallery columns-3 is-cropped\"><ul class=\"blocks-gallery-grid\"><li class=\"blocks-gallery-item\"><figure><img loading=\"lazy\" width=\"471\" height=\"304\" src=\"http:\/\/redon-rey.com\/wp-content\/uploads\/2020\/08\/contrat-syndic.jpg\" alt=\"Droit de la copropri\u00e9t\u00e9\" data-id=\"59\" data-link=\"http:\/\/redon-rey.com.optimal-it.fr\/index.php\/accueil\/contrat-syndic\/\" class=\"wp-image-59\" srcset=\"https:\/\/redon-rey.com\/wp-content\/uploads\/2020\/08\/contrat-syndic.jpg 471w, https:\/\/redon-rey.com\/wp-content\/uploads\/2020\/08\/contrat-syndic-300x194.jpg 300w\" sizes=\"(max-width: 471px) 100vw, 471px\" \/><figcaption class=\"blocks-gallery-item__caption\"><strong><a href=\"http:\/\/redon-rey.com\/index.php\/copropriete\/\" data-type=\"page\" data-id=\"128\">Copropri\u00e9t\u00e9<\/a><\/strong><\/figcaption><\/figure><\/li><li class=\"blocks-gallery-item\"><figure><img loading=\"lazy\" width=\"471\" height=\"304\" src=\"http:\/\/redon-rey.com\/wp-content\/uploads\/2020\/08\/bail.jpg\" alt=\"Baux commerciaux et professionnels\" data-id=\"58\" data-link=\"http:\/\/redon-rey.com.optimal-it.fr\/index.php\/accueil\/bail\/\" class=\"wp-image-58\" srcset=\"https:\/\/redon-rey.com\/wp-content\/uploads\/2020\/08\/bail.jpg 471w, https:\/\/redon-rey.com\/wp-content\/uploads\/2020\/08\/bail-300x194.jpg 300w\" sizes=\"(max-width: 471px) 100vw, 471px\" \/><figcaption class=\"blocks-gallery-item__caption\"><strong><a href=\"http:\/\/redon-rey.com\/index.php\/baux-commerciaux-et-professionnels\/\" data-type=\"page\" data-id=\"119\">Baux commerciaux et professionnels<\/a><\/strong><\/figcaption><\/figure><\/li><li class=\"blocks-gallery-item\"><figure><img loading=\"lazy\" width=\"471\" height=\"304\" src=\"http:\/\/redon-rey.com\/wp-content\/uploads\/2020\/08\/bail-habitation.jpg\" alt=\"baux d'habitation\" data-id=\"57\" data-link=\"http:\/\/redon-rey.com\/index.php\/accueil\/le-contrat-de-location\/\" class=\"wp-image-57\" srcset=\"https:\/\/redon-rey.com\/wp-content\/uploads\/2020\/08\/bail-habitation.jpg 471w, https:\/\/redon-rey.com\/wp-content\/uploads\/2020\/08\/bail-habitation-300x194.jpg 300w\" sizes=\"(max-width: 471px) 100vw, 471px\" \/><figcaption class=\"blocks-gallery-item__caption\"><strong><a href=\"http:\/\/redon-rey.com\/index.php\/baux-dhabitation\/\" data-type=\"page\" data-id=\"83\">Baux d&rsquo;habitation<\/a><\/strong><\/figcaption><\/figure><\/li><li class=\"blocks-gallery-item\"><figure><img loading=\"lazy\" width=\"471\" height=\"304\" src=\"http:\/\/redon-rey.com\/wp-content\/uploads\/2020\/08\/Construction.jpg\" alt=\"Droit de la construction\" data-id=\"71\" data-link=\"http:\/\/redon-rey.com\/index.php\/accueil\/construction-site\/\" class=\"wp-image-71\" srcset=\"https:\/\/redon-rey.com\/wp-content\/uploads\/2020\/08\/Construction.jpg 471w, https:\/\/redon-rey.com\/wp-content\/uploads\/2020\/08\/Construction-300x194.jpg 300w\" sizes=\"(max-width: 471px) 100vw, 471px\" \/><figcaption class=\"blocks-gallery-item__caption\"><strong><a href=\"http:\/\/redon-rey.com\/index.php\/construction\/\" data-type=\"page\" data-id=\"137\">Construction<\/a><\/strong><\/figcaption><\/figure><\/li><li class=\"blocks-gallery-item\"><figure><img loading=\"lazy\" width=\"471\" height=\"304\" src=\"http:\/\/redon-rey.com\/wp-content\/uploads\/2020\/08\/droit-de-la-famille.jpg\" alt=\"Droit de la famille\" data-id=\"72\" data-link=\"http:\/\/redon-rey.com\/index.php\/accueil\/droit-de-la-famille\/\" class=\"wp-image-72\" srcset=\"https:\/\/redon-rey.com\/wp-content\/uploads\/2020\/08\/droit-de-la-famille.jpg 471w, https:\/\/redon-rey.com\/wp-content\/uploads\/2020\/08\/droit-de-la-famille-300x194.jpg 300w\" sizes=\"(max-width: 471px) 100vw, 471px\" \/><figcaption class=\"blocks-gallery-item__caption\"><strong><a href=\"http:\/\/redon-rey.com\/index.php\/droit-de-la-famille-et-des-personnes\/\" data-type=\"page\" data-id=\"152\">Droit de la famille<\/a><\/strong><\/figcaption><\/figure><\/li><li class=\"blocks-gallery-item\"><figure><img loading=\"lazy\" width=\"471\" height=\"304\" src=\"http:\/\/redon-rey.com\/wp-content\/uploads\/2020\/08\/transactions.jpg\" alt=\"Transactions immobili\u00e8res\" data-id=\"74\" data-full-url=\"http:\/\/redon-rey.com\/wp-content\/uploads\/2020\/08\/transactions.jpg\" data-link=\"http:\/\/redon-rey.com\/index.php\/accueil\/handschlag\/\" class=\"wp-image-74\" srcset=\"https:\/\/redon-rey.com\/wp-content\/uploads\/2020\/08\/transactions.jpg 471w, https:\/\/redon-rey.com\/wp-content\/uploads\/2020\/08\/transactions-300x194.jpg 300w\" sizes=\"(max-width: 471px) 100vw, 471px\" \/><figcaption class=\"blocks-gallery-item__caption\"><strong><a href=\"http:\/\/redon-rey.com\/index.php\/transactions-immobilieres\/\" data-type=\"page\" data-id=\"146\">Transactions immobili\u00e8res<\/a><\/strong><\/figcaption><\/figure><\/li><\/ul><\/figure>\n\n\n\n<figure class=\"wp-block-gallery columns-3 is-cropped\"><ul class=\"blocks-gallery-grid\"><li class=\"blocks-gallery-item\"><figure><img loading=\"lazy\" width=\"471\" height=\"304\" src=\"https:\/\/redon-rey.com\/wp-content\/uploads\/2025\/03\/droit_des_contrats.png\" alt=\"\" data-id=\"327\" data-full-url=\"https:\/\/redon-rey.com\/wp-content\/uploads\/2025\/03\/droit_des_contrats.png\" data-link=\"https:\/\/redon-rey.com\/index.php\/accueil\/droit_des_contrats\/\" class=\"wp-image-327\" srcset=\"https:\/\/redon-rey.com\/wp-content\/uploads\/2025\/03\/droit_des_contrats.png 471w, https:\/\/redon-rey.com\/wp-content\/uploads\/2025\/03\/droit_des_contrats-300x194.png 300w\" sizes=\"(max-width: 471px) 100vw, 471px\" \/><figcaption class=\"blocks-gallery-item__caption\"><a href=\"https:\/\/redon-rey.com\/index.php\/droit-des-contrats-et-responsabilite\"><strong>Droit des contrats<\/strong><\/a><br><a href=\"https:\/\/redon-rey.com\/index.php\/droit-des-contrats-et-responsabilite\"><strong>et responsabilit\u00e9<\/strong><\/a><\/figcaption><\/figure><\/li><li class=\"blocks-gallery-item\"><figure><img loading=\"lazy\" width=\"471\" height=\"304\" src=\"https:\/\/redon-rey.com\/wp-content\/uploads\/2025\/03\/bloc.png\" alt=\"\" data-id=\"320\" data-full-url=\"https:\/\/redon-rey.com\/wp-content\/uploads\/2025\/03\/bloc.png\" data-link=\"https:\/\/redon-rey.com\/index.php\/accueil\/bloc-2\/\" class=\"wp-image-320\" srcset=\"https:\/\/redon-rey.com\/wp-content\/uploads\/2025\/03\/bloc.png 471w, https:\/\/redon-rey.com\/wp-content\/uploads\/2025\/03\/bloc-300x194.png 300w\" sizes=\"(max-width: 471px) 100vw, 471px\" \/><\/figure><\/li><li class=\"blocks-gallery-item\"><figure><img loading=\"lazy\" width=\"471\" height=\"304\" src=\"https:\/\/redon-rey.com\/wp-content\/uploads\/2025\/03\/bloc.png\" alt=\"\" data-id=\"320\" data-full-url=\"https:\/\/redon-rey.com\/wp-content\/uploads\/2025\/03\/bloc.png\" data-link=\"https:\/\/redon-rey.com\/index.php\/accueil\/bloc-2\/\" class=\"wp-image-320\" srcset=\"https:\/\/redon-rey.com\/wp-content\/uploads\/2025\/03\/bloc.png 471w, https:\/\/redon-rey.com\/wp-content\/uploads\/2025\/03\/bloc-300x194.png 300w\" sizes=\"(max-width: 471px) 100vw, 471px\" \/><\/figure><\/li><li class=\"blocks-gallery-item\"><figure><img loading=\"lazy\" width=\"471\" height=\"304\" src=\"https:\/\/redon-rey.com\/wp-content\/uploads\/2025\/03\/bloc-1.png\" alt=\"\" data-id=\"321\" data-full-url=\"https:\/\/redon-rey.com\/wp-content\/uploads\/2025\/03\/bloc-1.png\" data-link=\"https:\/\/redon-rey.com\/index.php\/accueil\/bloc-1\/\" class=\"wp-image-321\" srcset=\"https:\/\/redon-rey.com\/wp-content\/uploads\/2025\/03\/bloc-1.png 471w, https:\/\/redon-rey.com\/wp-content\/uploads\/2025\/03\/bloc-1-300x194.png 300w\" sizes=\"(max-width: 471px) 100vw, 471px\" \/><\/figure><\/li><\/ul><\/figure>\n\n\n\n<p><\/p>\n","protected":false},"excerpt":{"rendered":"<p>Avocats \u00e0 la Cour Mandataires en transactions immobili\u00e8res Consultants Association des propri\u00e9taires et copropri\u00e9taires de la Haute-Garonne et de l&rsquo;Ari\u00e8ge ACTIVITES DOMINANTES : DROIT IMMOBILIER \u2013 DROIT DES CONTRATS \u2013 DROIT DE LA FAMILLE Investir dans la pierre reste l\u2019investissement le plus durable et la valeur la plus s\u00fbre. Ce projet n\u2019est pas toujours simple &hellip; <a href=\"https:\/\/redon-rey.com\/\" class=\"more-link\">Lire la suite<span class=\"screen-reader-text\"> \u00ab\u00a0Cabinet REDON-REY LAKEHAL AVOCATS\u00a0\u00bb<\/span><\/a><\/p>\n","protected":false},"author":1,"featured_media":0,"parent":0,"menu_order":0,"comment_status":"closed","ping_status":"closed","template":"","meta":[],"yoast_head":"<!-- This site is optimized with the Yoast SEO plugin v15.8 - https:\/\/yoast.com\/wordpress\/plugins\/seo\/ -->\n<title>Cabinet Redon-Rey, Avocat - Droit de la famille - Droit immobilier<\/title>\n<meta name=\"description\" content=\"Cabinet Redon-Rey, avocat \u00e0 Toulouse - Droit de la famille, droit immobilier, copropri\u00e9t\u00e9, baux commerciaux et professionnels, baux d&#039;habitation, transactions immobili\u00e8res, droit de la construction\" \/>\n<meta name=\"robots\" content=\"index, follow, max-snippet:-1, max-image-preview:large, max-video-preview:-1\" \/>\n<link rel=\"canonical\" href=\"https:\/\/redon-rey.com\/\" \/>\n<meta property=\"og:locale\" content=\"fr_FR\" \/>\n<meta property=\"og:type\" content=\"article\" \/>\n<meta property=\"og:title\" content=\"Cabinet Redon-Rey, Avocat - Droit de la famille - Droit immobilier\" \/>\n<meta property=\"og:description\" content=\"Cabinet Redon-Rey, avocat \u00e0 Toulouse - Droit de la famille, droit immobilier, copropri\u00e9t\u00e9, baux commerciaux et professionnels, baux d&#039;habitation, transactions immobili\u00e8res, droit de la construction\" \/>\n<meta property=\"og:url\" content=\"https:\/\/redon-rey.com\/\" \/>\n<meta property=\"og:site_name\" content=\"www.redon-rey.com\" \/>\n<meta property=\"article:modified_time\" content=\"2025-09-14T17:58:03+00:00\" \/>\n<meta property=\"og:image\" content=\"http:\/\/redon-rey.com.optimal-it.fr\/wp-content\/uploads\/2020\/08\/bureau.jpg\" \/>\n<meta name=\"twitter:card\" content=\"summary_large_image\" \/>\n<meta name=\"twitter:label1\" content=\"Dur\u00e9e de lecture est.\">\n\t<meta name=\"twitter:data1\" content=\"3 minutes\">\n<script type=\"application\/ld+json\" class=\"yoast-schema-graph\">{\"@context\":\"https:\/\/schema.org\",\"@graph\":[{\"@type\":\"WebSite\",\"@id\":\"https:\/\/redon-rey.com\/#website\",\"url\":\"https:\/\/redon-rey.com\/\",\"name\":\"Cabinet d'avocat Redon-Rey\",\"description\":\"Cabinet Redon-Rey &amp; Lakehal\",\"potentialAction\":[{\"@type\":\"SearchAction\",\"target\":\"https:\/\/redon-rey.com\/?s={search_term_string}\",\"query-input\":\"required name=search_term_string\"}],\"inLanguage\":\"fr-FR\"},{\"@type\":\"ImageObject\",\"@id\":\"https:\/\/redon-rey.com\/#primaryimage\",\"inLanguage\":\"fr-FR\",\"url\":\"http:\/\/redon-rey.com.optimal-it.fr\/wp-content\/uploads\/2020\/08\/bureau.jpg\"},{\"@type\":\"WebPage\",\"@id\":\"https:\/\/redon-rey.com\/#webpage\",\"url\":\"https:\/\/redon-rey.com\/\",\"name\":\"Cabinet Redon-Rey, Avocat - Droit de la famille - Droit immobilier\",\"isPartOf\":{\"@id\":\"https:\/\/redon-rey.com\/#website\"},\"primaryImageOfPage\":{\"@id\":\"https:\/\/redon-rey.com\/#primaryimage\"},\"datePublished\":\"2020-08-27T15:13:35+00:00\",\"dateModified\":\"2025-09-14T17:58:03+00:00\",\"description\":\"Cabinet Redon-Rey, avocat \\u00e0 Toulouse - Droit de la famille, droit immobilier, copropri\\u00e9t\\u00e9, baux commerciaux et professionnels, baux d'habitation, transactions immobili\\u00e8res, droit de la construction\",\"breadcrumb\":{\"@id\":\"https:\/\/redon-rey.com\/#breadcrumb\"},\"inLanguage\":\"fr-FR\",\"potentialAction\":[{\"@type\":\"ReadAction\",\"target\":[\"https:\/\/redon-rey.com\/\"]}]},{\"@type\":\"BreadcrumbList\",\"@id\":\"https:\/\/redon-rey.com\/#breadcrumb\",\"itemListElement\":[{\"@type\":\"ListItem\",\"position\":1,\"item\":{\"@type\":\"WebPage\",\"@id\":\"https:\/\/redon-rey.com\/\",\"url\":\"https:\/\/redon-rey.com\/\",\"name\":\"Accueil\"}},{\"@type\":\"ListItem\",\"position\":2,\"item\":{\"@type\":\"WebPage\",\"@id\":\"https:\/\/redon-rey.com\/\",\"url\":\"https:\/\/redon-rey.com\/\",\"name\":\"Cabinet REDON-REY LAKEHAL AVOCATS\"}}]}]}<\/script>\n<!-- \/ Yoast SEO plugin. -->","_links":{"self":[{"href":"https:\/\/redon-rey.com\/index.php\/wp-json\/wp\/v2\/pages\/22"}],"collection":[{"href":"https:\/\/redon-rey.com\/index.php\/wp-json\/wp\/v2\/pages"}],"about":[{"href":"https:\/\/redon-rey.com\/index.php\/wp-json\/wp\/v2\/types\/page"}],"author":[{"embeddable":true,"href":"https:\/\/redon-rey.com\/index.php\/wp-json\/wp\/v2\/users\/1"}],"replies":[{"embeddable":true,"href":"https:\/\/redon-rey.com\/index.php\/wp-json\/wp\/v2\/comments?post=22"}],"version-history":[{"count":77,"href":"https:\/\/redon-rey.com\/index.php\/wp-json\/wp\/v2\/pages\/22\/revisions"}],"predecessor-version":[{"id":462,"href":"https:\/\/redon-rey.com\/index.php\/wp-json\/wp\/v2\/pages\/22\/revisions\/462"}],"wp:attachment":[{"href":"https:\/\/redon-rey.com\/index.php\/wp-json\/wp\/v2\/media?parent=22"}],"curies":[{"name":"wp","href":"https:\/\/api.w.org\/{rel}","templated":true}]}}