{"id":237,"date":"2020-08-31T17:12:08","date_gmt":"2020-08-31T15:12:08","guid":{"rendered":"https:\/\/redon-rey.com\/?page_id=237"},"modified":"2025-06-01T18:44:20","modified_gmt":"2025-06-01T16:44:20","slug":"mentions-legales","status":"publish","type":"page","link":"https:\/\/redon-rey.com\/index.php\/mentions-legales\/","title":{"rendered":"Mentions l\u00e9gales"},"content":{"rendered":"\n<p>REDON-REY LAKEHAL AVOCATS<br>Soci\u00e9t\u00e9 d&rsquo;exercice lib\u00e9ral \u00e0 responsabilit\u00e9 limit\u00e9e<br>20 quai de Tounis &#8211; 31000 Toulouse &#8211; T\u00e9l. 05 61 14 00 20<\/p>\n\n\n\n<p>Siret 88378176700016 &#8211; 6910Z (activit\u00e9s juridiques) &#8211; RCS Toulouse 883781767.<\/p>\n\n\n\n<p>Responsable de la publication : Ma\u00eetre Adam LAKEHAL<br>T\u00e9l. 05 14 00 20 \u2013 contact@redon-rey.com<\/p>\n\n\n\n<p>H\u00e9bergeur du site : ovh<br>www.ovh.fr<\/p>\n\n\n\n<p>R\u00e9alisation du site : Visiopub<br>19 bis route de Bessi\u00e8res \u2013 31240 L&rsquo;Union<br>T\u00e9l. 05 34 31 91 37 \u2013 contact@visiopub.fr<\/p>\n\n\n\n<p>Textes et images non contractuels<br>Cr\u00e9dits photos : Fotolia<\/p>\n\n\n\n<p>Donn\u00e9es recueillies : Les donn\u00e9es recueillies par l\u2019interm\u00e9diaire du formulaire de contact ont pour unique but de contacter la personne qui en a fait la demande.<br>Conform\u00e9ment au R\u00e8glement G\u00e9n\u00e9ral sur la Protection des Donn\u00e9es (RGPD), vous b\u00e9n\u00e9ficiez d\u2019un droit d\u2019acc\u00e8s, de rectification, d\u2019effacement et d\u2019opposition au traitement de vos donn\u00e9es personnelles ainsi qu\u2019un droit \u00e0 la limitation et \u00e0 la portabilit\u00e9 de vos donn\u00e9es. Vous pouvez exercer vos droits en nous adressant un email \u00e0 l\u2019adresse : contact@redon-rey.com<\/p>\n","protected":false},"excerpt":{"rendered":"<p>REDON-REY LAKEHAL AVOCATSSoci\u00e9t\u00e9 d&rsquo;exercice lib\u00e9ral \u00e0 responsabilit\u00e9 limit\u00e9e20 quai de Tounis &#8211; 31000 Toulouse &#8211; T\u00e9l. 05 61 14 00 20 Siret 88378176700016 &#8211; 6910Z (activit\u00e9s juridiques) &#8211; RCS Toulouse 883781767. Responsable de la publication : Ma\u00eetre Adam LAKEHALT\u00e9l. 05 14 00 20 \u2013 contact@redon-rey.com H\u00e9bergeur du site : ovhwww.ovh.fr R\u00e9alisation du site : Visiopub19 &hellip; <a href=\"https:\/\/redon-rey.com\/index.php\/mentions-legales\/\" class=\"more-link\">Lire la suite<span class=\"screen-reader-text\"> \u00ab\u00a0Mentions l\u00e9gales\u00a0\u00bb<\/span><\/a><\/p>\n","protected":false},"author":1,"featured_media":0,"parent":0,"menu_order":0,"comment_status":"closed","ping_status":"closed","template":"","meta":[],"yoast_head":"<!-- This site is optimized with the Yoast SEO plugin v15.8 - https:\/\/yoast.com\/wordpress\/plugins\/seo\/ -->\n<title>Mentions l\u00e9gales - www.redon-rey.com<\/title>\n<meta name=\"robots\" content=\"index, follow, max-snippet:-1, max-image-preview:large, max-video-preview:-1\" \/>\n<link rel=\"canonical\" href=\"https:\/\/redon-rey.com\/index.php\/mentions-legales\/\" \/>\n<meta property=\"og:locale\" content=\"fr_FR\" \/>\n<meta property=\"og:type\" content=\"article\" \/>\n<meta property=\"og:title\" content=\"Mentions l\u00e9gales - www.redon-rey.com\" \/>\n<meta property=\"og:description\" content=\"REDON-REY LAKEHAL AVOCATSSoci\u00e9t\u00e9 d&rsquo;exercice lib\u00e9ral \u00e0 responsabilit\u00e9 limit\u00e9e20 quai de Tounis &#8211; 31000 Toulouse &#8211; T\u00e9l. 05 61 14 00 20 Siret 88378176700016 &#8211; 6910Z (activit\u00e9s juridiques) &#8211; RCS Toulouse 883781767. Responsable de la publication : Ma\u00eetre Adam LAKEHALT\u00e9l. 05 14 00 20 \u2013 contact@redon-rey.com H\u00e9bergeur du site : ovhwww.ovh.fr R\u00e9alisation du site : Visiopub19 &hellip; Lire la suite &quot;Mentions l\u00e9gales&quot;\" \/>\n<meta property=\"og:url\" content=\"https:\/\/redon-rey.com\/index.php\/mentions-legales\/\" \/>\n<meta property=\"og:site_name\" content=\"www.redon-rey.com\" \/>\n<meta property=\"article:modified_time\" content=\"2025-06-01T16:44:20+00:00\" \/>\n<meta name=\"twitter:card\" content=\"summary_large_image\" \/>\n<meta name=\"twitter:label1\" content=\"Dur\u00e9e de lecture est.\">\n\t<meta name=\"twitter:data1\" content=\"1 minute\">\n<script type=\"application\/ld+json\" class=\"yoast-schema-graph\">{\"@context\":\"https:\/\/schema.org\",\"@graph\":[{\"@type\":\"WebSite\",\"@id\":\"https:\/\/redon-rey.com\/#website\",\"url\":\"https:\/\/redon-rey.com\/\",\"name\":\"Cabinet d'avocat Redon-Rey\",\"description\":\"Cabinet Redon-Rey &amp; Lakehal\",\"potentialAction\":[{\"@type\":\"SearchAction\",\"target\":\"https:\/\/redon-rey.com\/?s={search_term_string}\",\"query-input\":\"required name=search_term_string\"}],\"inLanguage\":\"fr-FR\"},{\"@type\":\"WebPage\",\"@id\":\"https:\/\/redon-rey.com\/index.php\/mentions-legales\/#webpage\",\"url\":\"https:\/\/redon-rey.com\/index.php\/mentions-legales\/\",\"name\":\"Mentions l\\u00e9gales - www.redon-rey.com\",\"isPartOf\":{\"@id\":\"https:\/\/redon-rey.com\/#website\"},\"datePublished\":\"2020-08-31T15:12:08+00:00\",\"dateModified\":\"2025-06-01T16:44:20+00:00\",\"breadcrumb\":{\"@id\":\"https:\/\/redon-rey.com\/index.php\/mentions-legales\/#breadcrumb\"},\"inLanguage\":\"fr-FR\",\"potentialAction\":[{\"@type\":\"ReadAction\",\"target\":[\"https:\/\/redon-rey.com\/index.php\/mentions-legales\/\"]}]},{\"@type\":\"BreadcrumbList\",\"@id\":\"https:\/\/redon-rey.com\/index.php\/mentions-legales\/#breadcrumb\",\"itemListElement\":[{\"@type\":\"ListItem\",\"position\":1,\"item\":{\"@type\":\"WebPage\",\"@id\":\"https:\/\/redon-rey.com\/\",\"url\":\"https:\/\/redon-rey.com\/\",\"name\":\"Accueil\"}},{\"@type\":\"ListItem\",\"position\":2,\"item\":{\"@type\":\"WebPage\",\"@id\":\"https:\/\/redon-rey.com\/index.php\/mentions-legales\/\",\"url\":\"https:\/\/redon-rey.com\/index.php\/mentions-legales\/\",\"name\":\"Mentions l\\u00e9gales\"}}]}]}<\/script>\n<!-- \/ Yoast SEO plugin. -->","_links":{"self":[{"href":"https:\/\/redon-rey.com\/index.php\/wp-json\/wp\/v2\/pages\/237"}],"collection":[{"href":"https:\/\/redon-rey.com\/index.php\/wp-json\/wp\/v2\/pages"}],"about":[{"href":"https:\/\/redon-rey.com\/index.php\/wp-json\/wp\/v2\/types\/page"}],"author":[{"embeddable":true,"href":"https:\/\/redon-rey.com\/index.php\/wp-json\/wp\/v2\/users\/1"}],"replies":[{"embeddable":true,"href":"https:\/\/redon-rey.com\/index.php\/wp-json\/wp\/v2\/comments?post=237"}],"version-history":[{"count":4,"href":"https:\/\/redon-rey.com\/index.php\/wp-json\/wp\/v2\/pages\/237\/revisions"}],"predecessor-version":[{"id":393,"href":"https:\/\/redon-rey.com\/index.php\/wp-json\/wp\/v2\/pages\/237\/revisions\/393"}],"wp:attachment":[{"href":"https:\/\/redon-rey.com\/index.php\/wp-json\/wp\/v2\/media?parent=237"}],"curies":[{"name":"wp","href":"https:\/\/api.w.org\/{rel}","templated":true}]}}