{"id":83,"date":"2020-08-29T16:28:55","date_gmt":"2020-08-29T14:28:55","guid":{"rendered":"http:\/\/redon-rey.com.optimal-it.fr\/?page_id=83"},"modified":"2025-06-01T18:18:15","modified_gmt":"2025-06-01T16:18:15","slug":"baux-dhabitation","status":"publish","type":"page","link":"https:\/\/redon-rey.com\/index.php\/baux-dhabitation\/","title":{"rendered":"Baux d&rsquo;habitation"},"content":{"rendered":"\n<p><br>Depuis plus de 25 ans, le cabinet REDON-REY LAKEHAL intervient comme interlocuteur privil\u00e9gi\u00e9 non seulement aupr\u00e8s de bailleurs sociaux mais aussi aupr\u00e8s de cabinets de gestion et de tr\u00e8s nombreux bailleurs priv\u00e9s, notamment dans le cadre de son intervention aupr\u00e8s de l\u2019Association des propri\u00e9taires et copropri\u00e9taires.<br><br>Le cabinet REDON-REY LAKEHAL publie r\u00e9guli\u00e8rement dans des revues telles que \u00ab l\u2019ACTU Immobili\u00e8re et vous ! \u00bb et est sollicit\u00e9e pour animer des conf\u00e9rences en cette mati\u00e8re.<\/p>\n\n\n\n<ul><li>R\u00e9daction des baux, conventions d\u2019occupation pr\u00e9caire, actes de cautionnement,<\/li><li>Contentieux des loyers impay\u00e9s, r\u00e9siliation du bail, clause r\u00e9solutoire,<\/li><li>Proc\u00e9dures d\u2019expulsion, contentieux des charges locatives,<\/li><li>Troubles de voisinage,<\/li><li>Sous-locations irr\u00e9guli\u00e8res,<\/li><li>Occupations sans droit ni titre,<\/li><li>Ex\u00e9cution de travaux,<\/li><li>Cong\u00e9s pour vente, reprise ou motif l\u00e9gitime,<\/li><li>Fixation du prix des loyers renouvel\u00e9s,<\/li><li>D\u00e9gradations immobili\u00e8res,<\/li><li>Remboursement du d\u00e9p\u00f4t de garantie<\/li><\/ul>\n","protected":false},"excerpt":{"rendered":"<p>Depuis plus de 25 ans, le cabinet REDON-REY LAKEHAL intervient comme interlocuteur privil\u00e9gi\u00e9 non seulement aupr\u00e8s de bailleurs sociaux mais aussi aupr\u00e8s de cabinets de gestion et de tr\u00e8s nombreux bailleurs priv\u00e9s, notamment dans le cadre de son intervention aupr\u00e8s de l\u2019Association des propri\u00e9taires et copropri\u00e9taires. Le cabinet REDON-REY LAKEHAL publie r\u00e9guli\u00e8rement dans des revues &hellip; <a href=\"https:\/\/redon-rey.com\/index.php\/baux-dhabitation\/\" class=\"more-link\">Lire la suite<span class=\"screen-reader-text\"> \u00ab\u00a0Baux d&rsquo;habitation\u00a0\u00bb<\/span><\/a><\/p>\n","protected":false},"author":1,"featured_media":57,"parent":0,"menu_order":0,"comment_status":"closed","ping_status":"closed","template":"","meta":[],"yoast_head":"<!-- This site is optimized with the Yoast SEO plugin v15.8 - https:\/\/yoast.com\/wordpress\/plugins\/seo\/ -->\n<title>Baux d&#039;habitation - www.redon-rey.com<\/title>\n<meta name=\"robots\" content=\"index, follow, max-snippet:-1, max-image-preview:large, max-video-preview:-1\" \/>\n<link rel=\"canonical\" href=\"https:\/\/redon-rey.com\/index.php\/baux-dhabitation\/\" \/>\n<meta property=\"og:locale\" content=\"fr_FR\" \/>\n<meta property=\"og:type\" content=\"article\" \/>\n<meta property=\"og:title\" content=\"Baux d&#039;habitation - www.redon-rey.com\" \/>\n<meta property=\"og:description\" content=\"Depuis plus de 25 ans, le cabinet REDON-REY LAKEHAL intervient comme interlocuteur privil\u00e9gi\u00e9 non seulement aupr\u00e8s de bailleurs sociaux mais aussi aupr\u00e8s de cabinets de gestion et de tr\u00e8s nombreux bailleurs priv\u00e9s, notamment dans le cadre de son intervention aupr\u00e8s de l\u2019Association des propri\u00e9taires et copropri\u00e9taires. Le cabinet REDON-REY LAKEHAL publie r\u00e9guli\u00e8rement dans des revues &hellip; Lire la suite &quot;Baux d&rsquo;habitation&quot;\" \/>\n<meta property=\"og:url\" content=\"https:\/\/redon-rey.com\/index.php\/baux-dhabitation\/\" \/>\n<meta property=\"og:site_name\" content=\"www.redon-rey.com\" \/>\n<meta property=\"article:modified_time\" content=\"2025-06-01T16:18:15+00:00\" \/>\n<meta property=\"og:image\" content=\"https:\/\/redon-rey.com\/wp-content\/uploads\/2020\/08\/bail-habitation.jpg\" \/>\n\t<meta property=\"og:image:width\" content=\"471\" \/>\n\t<meta property=\"og:image:height\" content=\"304\" \/>\n<meta name=\"twitter:card\" content=\"summary_large_image\" \/>\n<meta name=\"twitter:label1\" content=\"Dur\u00e9e de lecture est.\">\n\t<meta name=\"twitter:data1\" content=\"1 minute\">\n<script type=\"application\/ld+json\" class=\"yoast-schema-graph\">{\"@context\":\"https:\/\/schema.org\",\"@graph\":[{\"@type\":\"WebSite\",\"@id\":\"https:\/\/redon-rey.com\/#website\",\"url\":\"https:\/\/redon-rey.com\/\",\"name\":\"Cabinet d'avocat Redon-Rey\",\"description\":\"Cabinet Redon-Rey &amp; Lakehal\",\"potentialAction\":[{\"@type\":\"SearchAction\",\"target\":\"https:\/\/redon-rey.com\/?s={search_term_string}\",\"query-input\":\"required name=search_term_string\"}],\"inLanguage\":\"fr-FR\"},{\"@type\":\"ImageObject\",\"@id\":\"https:\/\/redon-rey.com\/index.php\/baux-dhabitation\/#primaryimage\",\"inLanguage\":\"fr-FR\",\"url\":\"https:\/\/redon-rey.com\/wp-content\/uploads\/2020\/08\/bail-habitation.jpg\",\"width\":471,\"height\":304,\"caption\":\"Baux d'habitation\"},{\"@type\":\"WebPage\",\"@id\":\"https:\/\/redon-rey.com\/index.php\/baux-dhabitation\/#webpage\",\"url\":\"https:\/\/redon-rey.com\/index.php\/baux-dhabitation\/\",\"name\":\"Baux d'habitation - www.redon-rey.com\",\"isPartOf\":{\"@id\":\"https:\/\/redon-rey.com\/#website\"},\"primaryImageOfPage\":{\"@id\":\"https:\/\/redon-rey.com\/index.php\/baux-dhabitation\/#primaryimage\"},\"datePublished\":\"2020-08-29T14:28:55+00:00\",\"dateModified\":\"2025-06-01T16:18:15+00:00\",\"breadcrumb\":{\"@id\":\"https:\/\/redon-rey.com\/index.php\/baux-dhabitation\/#breadcrumb\"},\"inLanguage\":\"fr-FR\",\"potentialAction\":[{\"@type\":\"ReadAction\",\"target\":[\"https:\/\/redon-rey.com\/index.php\/baux-dhabitation\/\"]}]},{\"@type\":\"BreadcrumbList\",\"@id\":\"https:\/\/redon-rey.com\/index.php\/baux-dhabitation\/#breadcrumb\",\"itemListElement\":[{\"@type\":\"ListItem\",\"position\":1,\"item\":{\"@type\":\"WebPage\",\"@id\":\"https:\/\/redon-rey.com\/\",\"url\":\"https:\/\/redon-rey.com\/\",\"name\":\"Accueil\"}},{\"@type\":\"ListItem\",\"position\":2,\"item\":{\"@type\":\"WebPage\",\"@id\":\"https:\/\/redon-rey.com\/index.php\/baux-dhabitation\/\",\"url\":\"https:\/\/redon-rey.com\/index.php\/baux-dhabitation\/\",\"name\":\"Baux d&rsquo;habitation\"}}]}]}<\/script>\n<!-- \/ Yoast SEO plugin. -->","_links":{"self":[{"href":"https:\/\/redon-rey.com\/index.php\/wp-json\/wp\/v2\/pages\/83"}],"collection":[{"href":"https:\/\/redon-rey.com\/index.php\/wp-json\/wp\/v2\/pages"}],"about":[{"href":"https:\/\/redon-rey.com\/index.php\/wp-json\/wp\/v2\/types\/page"}],"author":[{"embeddable":true,"href":"https:\/\/redon-rey.com\/index.php\/wp-json\/wp\/v2\/users\/1"}],"replies":[{"embeddable":true,"href":"https:\/\/redon-rey.com\/index.php\/wp-json\/wp\/v2\/comments?post=83"}],"version-history":[{"count":34,"href":"https:\/\/redon-rey.com\/index.php\/wp-json\/wp\/v2\/pages\/83\/revisions"}],"predecessor-version":[{"id":376,"href":"https:\/\/redon-rey.com\/index.php\/wp-json\/wp\/v2\/pages\/83\/revisions\/376"}],"wp:featuredmedia":[{"embeddable":true,"href":"https:\/\/redon-rey.com\/index.php\/wp-json\/wp\/v2\/media\/57"}],"wp:attachment":[{"href":"https:\/\/redon-rey.com\/index.php\/wp-json\/wp\/v2\/media?parent=83"}],"curies":[{"name":"wp","href":"https:\/\/api.w.org\/{rel}","templated":true}]}}